{"id":20,"date":"2021-04-10T23:19:09","date_gmt":"2021-04-10T21:19:09","guid":{"rendered":"https:\/\/adwokat-pancerz.pl\/?page_id=20"},"modified":"2021-07-17T21:59:14","modified_gmt":"2021-07-17T19:59:14","slug":"kontakt","status":"publish","type":"page","link":"https:\/\/adwokat-pancerz.pl\/index.php\/kontakt\/","title":{"rendered":"Kontakt z kancelari\u0105"},"content":{"rendered":"\n<h3>Adwokat Wojciech Pancerz <\/h3>\n\n\n\n<div class=\"wp-block-columns\">\n<div class=\"wp-block-column\">\n<pre class=\"wp-block-verse has-medium-font-size\">Adres: Wa\u0142y Piastowskie 1\npi\u0119tro 3, pok\u00f3j 317 (wie\u017cowiec Zieleniak) \n80-855 Gda\u0144sk<\/pre>\n<\/div>\n\n\n\n<div class=\"wp-block-column\">\n<pre class=\"wp-block-verse has-text-align-right has-medium-font-size\">Telefon kontaktowy: <strong>509 485 960<\/strong>\n Mail: <strong>adwokat.pancerz@gmail.com<\/strong> <strong>\n<\/strong>NIP:\u00a06572531279\nREGON:\u00a0222142975<\/pre>\n<\/div>\n<\/div>\n\n\n\n<iframe src=\"https:\/\/www.google.com\/maps\/embed?pb=!1m14!1m8!1m3!1d9299.652238203722!2d18.6465559!3d54.3585173!3m2!1i1024!2i768!4f13.1!3m3!1m2!1s0x0%3A0x6ffe6bb0432911ce!2sAdwokat%20Wojciech%20Pancerz!5e0!3m2!1spl!2spl!4v1620982603897!5m2!1spl!2spl\" width=\"800\" height=\"600\" style=\"border:0;\" allowfullscreen=\"\" loading=\"lazy\"><\/iframe>\n\n\n\n<pre id=\"block-96dd5979-0ab1-449f-8b1e-d477e2a12d2e\" class=\"wp-block-preformatted\"><\/pre>\n","protected":false},"excerpt":{"rendered":"<p>Adwokat Wojciech Pancerz<\/p>\n","protected":false},"author":1,"featured_media":0,"parent":0,"menu_order":0,"comment_status":"closed","ping_status":"closed","template":"","meta":[],"uagb_featured_image_src":{"full":false,"thumbnail":false,"medium":false,"medium_large":false,"large":false,"1536x1536":false,"2048x2048":false,"pierogi_post_list":false,"pierogi_post_header":false},"uagb_author_info":{"display_name":"Admin","author_link":"https:\/\/adwokat-pancerz.pl\/index.php\/author\/admin\/"},"uagb_comment_info":0,"uagb_excerpt":"Adwokat Wojciech Pancerz","_links":{"self":[{"href":"https:\/\/adwokat-pancerz.pl\/index.php\/wp-json\/wp\/v2\/pages\/20"}],"collection":[{"href":"https:\/\/adwokat-pancerz.pl\/index.php\/wp-json\/wp\/v2\/pages"}],"about":[{"href":"https:\/\/adwokat-pancerz.pl\/index.php\/wp-json\/wp\/v2\/types\/page"}],"author":[{"embeddable":true,"href":"https:\/\/adwokat-pancerz.pl\/index.php\/wp-json\/wp\/v2\/users\/1"}],"replies":[{"embeddable":true,"href":"https:\/\/adwokat-pancerz.pl\/index.php\/wp-json\/wp\/v2\/comments?post=20"}],"version-history":[{"count":9,"href":"https:\/\/adwokat-pancerz.pl\/index.php\/wp-json\/wp\/v2\/pages\/20\/revisions"}],"predecessor-version":[{"id":118,"href":"https:\/\/adwokat-pancerz.pl\/index.php\/wp-json\/wp\/v2\/pages\/20\/revisions\/118"}],"wp:attachment":[{"href":"https:\/\/adwokat-pancerz.pl\/index.php\/wp-json\/wp\/v2\/media?parent=20"}],"curies":[{"name":"wp","href":"https:\/\/api.w.org\/{rel}","templated":true}]}}