{"id":19,"date":"2021-04-10T23:19:09","date_gmt":"2021-04-10T21:19:09","guid":{"rendered":"https:\/\/adwokat-pancerz.pl\/?page_id=19"},"modified":"2021-07-17T23:01:59","modified_gmt":"2021-07-17T21:01:59","slug":"o-nas","status":"publish","type":"page","link":"https:\/\/adwokat-pancerz.pl\/index.php\/o-nas\/","title":{"rendered":"O nas"},"content":{"rendered":"\n<p><strong>Adwokat Wojciech Pancerz<\/strong> jest absolwentem i stypendyst\u0105 studi\u00f3w stacjonarnych na Wydziale Prawa i Administracji Uniwersytetu Gda\u0144skiego. Praca magisterska zosta\u0142a obroniona pod kierunkiem prof. zw. dr hab. Jana Grajewskiego, wybitnego karnisty, s\u0119dziego S\u0105du Najwy\u017cszego. Aplikacja adwokacka odbyta w Pomorskiej Izbie Adwokackiej. Od 2014 roku adwokat prowadzi swoj\u0105 indywidualn\u0105 praktyk\u0119, specjalizuj\u0105c si\u0119 w prawie karnym, obs\u0142udze podmiot\u00f3w gospodarczych i skomplikowanych procesach inwestycyjnych, a tak\u017ce prawie rodzinnym oraz prawie ubezpiecze\u0144. Swoje bogate do\u015bwiadczenie nabywa\u0142 poprzez prac\u0119 w renomowanych kancelariach prawnych oraz jednym z najwi\u0119kszych reasekurator\u00f3w w Europie. <\/p>\n\n\n\n<p class=\"has-text-align-left\"><strong>Adwokat Wojciech Pancerz<\/strong> cechuje si\u0119 rzetelno\u015bci\u0105 i dba\u0142o\u015bci\u0105 o ka\u017cdy detal zwi\u0105zany z prowadzon\u0105 spraw\u0105, a nadto jest w stanie przewidzie\u0107 d\u0142ugoterminowe skutki podejmowanych dzia\u0142a\u0144, nawet wykraczaj\u0105ce poza bie\u017c\u0105c\u0105 spraw\u0119. Wy\u017cej wymienione elementy w po\u0142\u0105czeniu z zasad\u0105 zaufania w relacji adwokat klient daj\u0119 r\u0119kojmi\u0119 \u015bwiadczonych us\u0142ug na najwy\u017cszym poziomie, co pozwala osi\u0105gn\u0105\u0107 zamierzony cel. <\/p>\n","protected":false},"excerpt":{"rendered":"<p>Adwokat Wojciech Pancerz jest absolwentem i stypendyst\u0105 studi\u00f3w stacjonarnych na Wydziale Prawa i Administracji Uniwersytetu Gda\u0144skiego. Praca magisterska zosta\u0142a obroniona pod kierunkiem prof. zw. dr hab. Jana Grajewskiego, wybitnego karnisty, s\u0119dziego S\u0105du Najwy\u017cszego. Aplikacja adwokacka odbyta w Pomorskiej Izbie Adwokackiej. Od 2014 roku adwokat prowadzi swoj\u0105 indywidualn\u0105 praktyk\u0119, specjalizuj\u0105c si\u0119 w prawie karnym, obs\u0142udze podmiot\u00f3w [&hellip;]<\/p>\n","protected":false},"author":1,"featured_media":0,"parent":0,"menu_order":0,"comment_status":"closed","ping_status":"closed","template":"","meta":[],"uagb_featured_image_src":{"full":false,"thumbnail":false,"medium":false,"medium_large":false,"large":false,"1536x1536":false,"2048x2048":false,"pierogi_post_list":false,"pierogi_post_header":false},"uagb_author_info":{"display_name":"Admin","author_link":"https:\/\/adwokat-pancerz.pl\/index.php\/author\/admin\/"},"uagb_comment_info":0,"uagb_excerpt":"Adwokat Wojciech Pancerz jest absolwentem i stypendyst\u0105 studi\u00f3w stacjonarnych na Wydziale Prawa i Administracji Uniwersytetu Gda\u0144skiego. Praca magisterska zosta\u0142a obroniona pod kierunkiem prof. zw. dr hab. Jana Grajewskiego, wybitnego karnisty, s\u0119dziego S\u0105du Najwy\u017cszego. Aplikacja adwokacka odbyta w Pomorskiej Izbie Adwokackiej. Od 2014 roku adwokat prowadzi swoj\u0105 indywidualn\u0105 praktyk\u0119, specjalizuj\u0105c si\u0119 w prawie karnym, obs\u0142udze podmiot\u00f3w&hellip;","_links":{"self":[{"href":"https:\/\/adwokat-pancerz.pl\/index.php\/wp-json\/wp\/v2\/pages\/19"}],"collection":[{"href":"https:\/\/adwokat-pancerz.pl\/index.php\/wp-json\/wp\/v2\/pages"}],"about":[{"href":"https:\/\/adwokat-pancerz.pl\/index.php\/wp-json\/wp\/v2\/types\/page"}],"author":[{"embeddable":true,"href":"https:\/\/adwokat-pancerz.pl\/index.php\/wp-json\/wp\/v2\/users\/1"}],"replies":[{"embeddable":true,"href":"https:\/\/adwokat-pancerz.pl\/index.php\/wp-json\/wp\/v2\/comments?post=19"}],"version-history":[{"count":4,"href":"https:\/\/adwokat-pancerz.pl\/index.php\/wp-json\/wp\/v2\/pages\/19\/revisions"}],"predecessor-version":[{"id":136,"href":"https:\/\/adwokat-pancerz.pl\/index.php\/wp-json\/wp\/v2\/pages\/19\/revisions\/136"}],"wp:attachment":[{"href":"https:\/\/adwokat-pancerz.pl\/index.php\/wp-json\/wp\/v2\/media?parent=19"}],"curies":[{"name":"wp","href":"https:\/\/api.w.org\/{rel}","templated":true}]}}