{"id":123,"date":"2021-07-17T22:40:43","date_gmt":"2021-07-17T20:40:43","guid":{"rendered":"https:\/\/adwokat-pancerz.pl\/?page_id=123"},"modified":"2021-07-17T22:51:56","modified_gmt":"2021-07-17T20:51:56","slug":"cennik","status":"publish","type":"page","link":"https:\/\/adwokat-pancerz.pl\/index.php\/cennik\/","title":{"rendered":"Cennik"},"content":{"rendered":"\n<p class=\"has-medium-font-size\">Koszt podstawowej porady prawnej wynosi 200 z\u0142 +VAT. W zakres jednorazowej porady wchodzi kompleksowa diagnoza problemu i przyjmuje si\u0119, \u017ce czas na udzielenie takiej porady wynosi 1 godzin\u0119. W sytuacji podj\u0119cia dalszej wsp\u00f3\u0142pracy koszt porady wliczony jest w prowadzenie sprawy. Koszt przyj\u0119cia i prowadzenie sprawy w zale\u017cno\u015bci od jej zawi\u0142o\u015bci, czasu trwania, miejsca prowadzenia jest indywidualnie dopasowany do ka\u017cdego klienta.<\/p>\n","protected":false},"excerpt":{"rendered":"<p>Koszt podstawowej porady prawnej wynosi 200 z\u0142 +VAT. W zakres jednorazowej porady wchodzi kompleksowa diagnoza problemu i przyjmuje si\u0119, \u017ce czas na udzielenie takiej porady wynosi 1 godzin\u0119. W sytuacji podj\u0119cia dalszej wsp\u00f3\u0142pracy koszt porady wliczony jest w prowadzenie sprawy. Koszt przyj\u0119cia i prowadzenie sprawy w zale\u017cno\u015bci od jej zawi\u0142o\u015bci, czasu trwania, miejsca prowadzenia jest [&hellip;]<\/p>\n","protected":false},"author":1,"featured_media":0,"parent":0,"menu_order":0,"comment_status":"closed","ping_status":"closed","template":"","meta":[],"uagb_featured_image_src":{"full":false,"thumbnail":false,"medium":false,"medium_large":false,"large":false,"1536x1536":false,"2048x2048":false,"pierogi_post_list":false,"pierogi_post_header":false},"uagb_author_info":{"display_name":"Admin","author_link":"https:\/\/adwokat-pancerz.pl\/index.php\/author\/admin\/"},"uagb_comment_info":0,"uagb_excerpt":"Koszt podstawowej porady prawnej wynosi 200 z\u0142 +VAT. W zakres jednorazowej porady wchodzi kompleksowa diagnoza problemu i przyjmuje si\u0119, \u017ce czas na udzielenie takiej porady wynosi 1 godzin\u0119. W sytuacji podj\u0119cia dalszej wsp\u00f3\u0142pracy koszt porady wliczony jest w prowadzenie sprawy. Koszt przyj\u0119cia i prowadzenie sprawy w zale\u017cno\u015bci od jej zawi\u0142o\u015bci, czasu trwania, miejsca prowadzenia jest&hellip;","_links":{"self":[{"href":"https:\/\/adwokat-pancerz.pl\/index.php\/wp-json\/wp\/v2\/pages\/123"}],"collection":[{"href":"https:\/\/adwokat-pancerz.pl\/index.php\/wp-json\/wp\/v2\/pages"}],"about":[{"href":"https:\/\/adwokat-pancerz.pl\/index.php\/wp-json\/wp\/v2\/types\/page"}],"author":[{"embeddable":true,"href":"https:\/\/adwokat-pancerz.pl\/index.php\/wp-json\/wp\/v2\/users\/1"}],"replies":[{"embeddable":true,"href":"https:\/\/adwokat-pancerz.pl\/index.php\/wp-json\/wp\/v2\/comments?post=123"}],"version-history":[{"count":3,"href":"https:\/\/adwokat-pancerz.pl\/index.php\/wp-json\/wp\/v2\/pages\/123\/revisions"}],"predecessor-version":[{"id":127,"href":"https:\/\/adwokat-pancerz.pl\/index.php\/wp-json\/wp\/v2\/pages\/123\/revisions\/127"}],"wp:attachment":[{"href":"https:\/\/adwokat-pancerz.pl\/index.php\/wp-json\/wp\/v2\/media?parent=123"}],"curies":[{"name":"wp","href":"https:\/\/api.w.org\/{rel}","templated":true}]}}